{"id":1671,"date":"2019-06-01T18:20:54","date_gmt":"2019-06-01T17:20:54","guid":{"rendered":"https:\/\/dev.sandaljapartments.com\/home\/"},"modified":"2026-03-23T15:42:08","modified_gmt":"2026-03-23T14:42:08","slug":"home","status":"publish","type":"page","link":"https:\/\/sandaljapartments.com\/en\/","title":{"rendered":"Home"},"content":{"rendered":"\t\t<div data-elementor-type=\"wp-page\" data-elementor-id=\"1671\" class=\"elementor elementor-1671 elementor-1291\" data-elementor-post-type=\"page\">\n\t\t\t\t\t\t<section class=\"elementor-section elementor-top-section elementor-element elementor-element-77f6b23 elementor-section-boxed elementor-section-height-default elementor-section-height-default\" data-id=\"77f6b23\" data-element_type=\"section\" data-e-type=\"section\">\r\n\t\t\t\t\t\t<div class=\"elementor-container elementor-column-gap-thegem\"><div class=\"elementor-row\">\r\n\t\t\t\t\t<div class=\"elementor-column elementor-col-50 elementor-top-column elementor-element elementor-element-aae2492\" data-id=\"aae2492\" data-element_type=\"column\" data-e-type=\"column\">\n\t\t\t<div class=\"elementor-widget-wrap elementor-element-populated\">\n\t\t\t\t\t\t<div class=\"elementor-element elementor-element-3075c2d flex-horizontal-align-default flex-horizontal-align-tablet-default flex-horizontal-align-mobile-default flex-vertical-align-default flex-vertical-align-tablet-default flex-vertical-align-mobile-default elementor-widget elementor-widget-image\" data-id=\"3075c2d\" data-element_type=\"widget\" data-e-type=\"widget\" data-widget_type=\"image.default\">\n\t\t\t\t\t\t\t\t\t\t\t\t\t\t\t<img fetchpriority=\"high\" width=\"1024\" height=\"683\" src=\"https:\/\/sandaljapartments.com\/wp-content\/uploads\/2026\/03\/Sandalj-Apartment-Moscenicka-Draga-27-1024x683.webp\" class=\"attachment-large size-large wp-image-2362\" alt=\"\" srcset=\"https:\/\/sandaljapartments.com\/wp-content\/uploads\/2026\/03\/Sandalj-Apartment-Moscenicka-Draga-27-1024x683.webp 1024w, https:\/\/sandaljapartments.com\/wp-content\/uploads\/2026\/03\/Sandalj-Apartment-Moscenicka-Draga-27-300x200.webp 300w, https:\/\/sandaljapartments.com\/wp-content\/uploads\/2026\/03\/Sandalj-Apartment-Moscenicka-Draga-27-768x512.webp 768w, https:\/\/sandaljapartments.com\/wp-content\/uploads\/2026\/03\/Sandalj-Apartment-Moscenicka-Draga-27-1536x1024.webp 1536w, https:\/\/sandaljapartments.com\/wp-content\/uploads\/2026\/03\/Sandalj-Apartment-Moscenicka-Draga-27-2048x1366.webp 2048w\" sizes=\"(max-width: 1024px) 100vw, 1024px\" \/>\t\t\t\t\t\t\t\t\t\t\t\t\t\t\t<\/div>\n\t\t\t\t\t<\/div>\n\t\t<\/div>\n\t\t\t\t<div class=\"elementor-column elementor-col-50 elementor-top-column elementor-element elementor-element-f64f8a5\" data-id=\"f64f8a5\" data-element_type=\"column\" data-e-type=\"column\">\n\t\t\t<div class=\"elementor-widget-wrap elementor-element-populated\">\n\t\t\t\t\t\t<div class=\"elementor-element elementor-element-bf95834 flex-horizontal-align-default flex-horizontal-align-tablet-default flex-horizontal-align-mobile-default flex-vertical-align-default flex-vertical-align-tablet-default flex-vertical-align-mobile-default elementor-widget elementor-widget-heading\" data-id=\"bf95834\" data-element_type=\"widget\" data-e-type=\"widget\" data-widget_type=\"heading.default\">\n\t\t\t\t\t<div class=\"title-h5 light elementor-heading-title elementor-size-default\">WELCOME<\/div>\t\t\t\t<\/div>\n\t\t\t\t<div class=\"elementor-element elementor-element-eedf8f9 flex-horizontal-align-default flex-horizontal-align-tablet-default flex-horizontal-align-mobile-default flex-vertical-align-default flex-vertical-align-tablet-default flex-vertical-align-mobile-default elementor-widget elementor-widget-heading\" data-id=\"eedf8f9\" data-element_type=\"widget\" data-e-type=\"widget\" data-widget_type=\"heading.default\">\n\t\t\t\t\t<div class=\"title-h1 elementor-heading-title elementor-size-default\">BOOK ACCOMMODATION IN MO\u0160\u0106ENI\u010cKA DRAGA!<\/div>\t\t\t\t<\/div>\n\t\t\t\t<div class=\"elementor-element elementor-element-27a00ea flex-horizontal-align-default flex-horizontal-align-tablet-default flex-horizontal-align-mobile-default flex-vertical-align-default flex-vertical-align-tablet-default flex-vertical-align-mobile-default elementor-widget elementor-widget-text-editor\" data-id=\"27a00ea\" data-element_type=\"widget\" data-e-type=\"widget\" data-widget_type=\"text-editor.default\">\n\t\t\t\t\t\t\t\t\t\t\t\t<div class=\"elementor-text-editor elementor-clearfix\">\r\n\t\t\t\t\t\t<p>Are you looking for an ideal place for your holiday? Welcome to our family house Sandalj which is located in the most beautiful and guietest part of Mo\u0161\u0107eni\u010dka Draga, 150 m away from the sea and the most beautiful pebbly beach on the Adriatic and 100 m from the lively town center.<\/p><p>With a 40 years long tradition of room rental we offer you pleasant acommodation in a friendly environment and a cozy residence.<\/p><p>The Apartment is located on the first floor, with an area of 80 square meters, it&#8217;s configured for 5-6 persons. It has three bedrooms, two bathrooms, kitchen with a dining room and an outdoor terrace. A parking lot is provided, also Wi-Fi and a welcome drink.<\/p><p>Dear guests, we wish you to have the most delightful time on your unforgettable holiday.<\/p>\t\t\t\t\t\t\t<\/div>\r\n\t\t\t\t\t\t\t\t\t\t<\/div>\n\t\t\t\t<div class=\"elementor-element elementor-element-879da09 flex-horizontal-align-default flex-horizontal-align-tablet-default flex-horizontal-align-mobile-default flex-vertical-align-default flex-vertical-align-tablet-default flex-vertical-align-mobile-default elementor-widget elementor-widget-thegem-styledbutton\" data-id=\"879da09\" data-element_type=\"widget\" data-e-type=\"widget\" data-settings=\"{&quot;thegem_button_skin&quot;:&quot;outline&quot;,&quot;effects_enabled&quot;:&quot;yes&quot;}\" data-widget_type=\"thegem-styledbutton.default\">\n\t\t\t\t<div class=\"elementor-widget-container\">\n\t\t\t\t\t\n<div class=\"gem-button-container gem-widget-button lazy-loading\">\n\n\t\t<a class=\"lazy-loading-item gem-button gem-button-size-small gem-button-text-weight-bold gem-button-style-outline gem-button-border-2\" data-ll-effect=\"drop-right-without-wrap\" href=\"https:\/\/sandaljapartments.com\/smjestaj\/\">\n\t\t<span class=\"gem-inner-wrapper-btn\">\n\t\t\t\t\t\t<span class=\"gem-text-button\">\n\t\t\t\tMORE\t\t\t<\/span>\n\t\t<\/span>\n\t<\/a>\n\n\t\n<\/div>\t\t\t\t<\/div>\n\t\t\t\t<\/div>\n\t\t\t\t\t<\/div>\n\t\t<\/div>\n\t\t\t\t\t<\/div><\/div>\r\n\t\t<\/section>\r\n\t\t\t\t<section class=\"elementor-section elementor-top-section elementor-element elementor-element-7a038a0 elementor-section-boxed elementor-section-height-default elementor-section-height-default\" data-id=\"7a038a0\" data-element_type=\"section\" data-e-type=\"section\" data-settings=\"{&quot;background_background&quot;:&quot;classic&quot;}\">\r\n\t\t\t\t\t\t<div class=\"elementor-container elementor-column-gap-thegem\"><div class=\"elementor-row\">\r\n\t\t\t\t\t<div class=\"elementor-column elementor-col-50 elementor-top-column elementor-element elementor-element-2595eb2\" data-id=\"2595eb2\" data-element_type=\"column\" data-e-type=\"column\">\n\t\t\t<div class=\"elementor-widget-wrap elementor-element-populated\">\n\t\t\t\t\t\t<div class=\"elementor-element elementor-element-86d3407 flex-horizontal-align-default flex-horizontal-align-tablet-default flex-horizontal-align-mobile-default flex-vertical-align-default flex-vertical-align-tablet-default flex-vertical-align-mobile-default elementor-widget elementor-widget-heading\" data-id=\"86d3407\" data-element_type=\"widget\" data-e-type=\"widget\" data-widget_type=\"heading.default\">\n\t\t\t\t\t<div class=\"title-h1 elementor-heading-title elementor-size-default\">Mo\u0161\u0107eni\u010dka Draga<\/div>\t\t\t\t<\/div>\n\t\t\t\t<div class=\"elementor-element elementor-element-3a9eab4 flex-horizontal-align-default flex-horizontal-align-tablet-default flex-horizontal-align-mobile-default flex-vertical-align-default flex-vertical-align-tablet-default flex-vertical-align-mobile-default elementor-widget elementor-widget-text-editor\" data-id=\"3a9eab4\" data-element_type=\"widget\" data-e-type=\"widget\" data-widget_type=\"text-editor.default\">\n\t\t\t\t\t\t\t\t\t\t\t\t<div class=\"elementor-text-editor elementor-clearfix\">\r\n\t\t\t\t\t\t<p>The warm Mediterranean sun and clear sea, safety and peaceful surroundings have been attracting tourists to <a href=\"http:\/\/www.tz-moscenicka.hr\/\">Mo\u0161\u0107eni\u010dka Draga<\/a> for decades, which has developed into a tourist center on the Opatija Riviera.<\/p><p>Located at the foot of the green U\u010dka mountain, Mo\u0161\u010deni\u010dka Draga is known for its long pebble beach called Sipar. A leisurely walk along the promenade (lungomare) towards the beach of Sv. Ivan will reveal hidden coves and rocks for complete enjoyment of the beauty of nature and privacy.<\/p><p>In the immediate vicinity of Mo\u0161\u0107eni\u010dka Draga are two medieval towns: Mo\u0161\u0107enice and Brse\u010d.<\/p><p>If you find yourself in Mo\u0161\u0107eni\u010dka Draga, beside long walks on our lungomare, you can always \u201ccatch yourself\u201d in one of the activities which this seaside prepared for you.<\/p><p>You can spend your holiday on a pebbly beach enjoying the crystal blue sea where you can find offers for various water sports, a ship excursion to the island of Krk, Cres, and even an offer for a panoramic journey across the seaside of Opatija Riviera.<\/p><p>For the true nature lovers, lovers of walking or mountain climbing enthusiasts, we recommend various walktrails which lead to the beautiful lookouts and countrysides through intact nature of\u00a0<a href=\"http:\/\/www.pp-ucka.hr\/\">the U\u010dka Nature Park<\/a>.<br \/><a href=\"http:\/\/sandaljapartments.com\/wp-content\/uploads\/2015\/03\/vojak.jpg\"><br \/><\/a>While enjoying the unique nature, clear sea and fresh air you can try one of the meals from the rich and delicious\u00a0<a href=\"http:\/\/www.tz-moscenicka.hr\/hr\/gastronomija\/21\/25\">Mediteranean cuisine<\/a>.<\/p><p>Surprise your senses with the unique tastes and scents from the Mediteranean and discover secrets that our restaurants, konobas and buffets prepared especially for you!<\/p><p>Visit one of the various events in Mo\u0161\u0107eni\u010dka Draga.<\/p>\t\t\t\t\t\t\t<\/div>\r\n\t\t\t\t\t\t\t\t\t\t<\/div>\n\t\t\t\t\t<\/div>\n\t\t<\/div>\n\t\t\t\t<div class=\"elementor-column elementor-col-50 elementor-top-column elementor-element elementor-element-062b73d\" data-id=\"062b73d\" data-element_type=\"column\" data-e-type=\"column\">\n\t\t\t<div class=\"elementor-widget-wrap elementor-element-populated\">\n\t\t\t\t\t\t<div class=\"elementor-element elementor-element-77ffd28 flex-horizontal-align-default flex-horizontal-align-tablet-default flex-horizontal-align-mobile-default flex-vertical-align-default flex-vertical-align-tablet-default flex-vertical-align-mobile-default elementor-widget elementor-widget-image\" data-id=\"77ffd28\" data-element_type=\"widget\" data-e-type=\"widget\" data-widget_type=\"image.default\">\n\t\t\t\t\t\t\t\t\t\t\t\t\t\t\t<img src=\"https:\/\/sandaljapartments.com\/wp-content\/uploads\/2026\/02\/moscenice1.jpg\" title=\"\" alt=\"\" loading=\"lazy\" \/>\t\t\t\t\t\t\t\t\t\t\t\t\t\t\t<\/div>\n\t\t\t\t<div class=\"elementor-element elementor-element-5445c8b flex-horizontal-align-default flex-horizontal-align-tablet-default flex-horizontal-align-mobile-default flex-vertical-align-default flex-vertical-align-tablet-default flex-vertical-align-mobile-default elementor-widget elementor-widget-image\" data-id=\"5445c8b\" data-element_type=\"widget\" data-e-type=\"widget\" data-widget_type=\"image.default\">\n\t\t\t\t\t\t\t\t\t\t\t\t\t\t\t<img width=\"1579\" height=\"888\" src=\"https:\/\/sandaljapartments.com\/wp-content\/uploads\/2026\/03\/Moscenice-2.webp\" class=\"attachment-full size-full wp-image-1848\" alt=\"\" srcset=\"https:\/\/sandaljapartments.com\/wp-content\/uploads\/2026\/03\/Moscenice-2.webp 1579w, https:\/\/sandaljapartments.com\/wp-content\/uploads\/2026\/03\/Moscenice-2-300x169.webp 300w, https:\/\/sandaljapartments.com\/wp-content\/uploads\/2026\/03\/Moscenice-2-1024x576.webp 1024w, https:\/\/sandaljapartments.com\/wp-content\/uploads\/2026\/03\/Moscenice-2-768x432.webp 768w, https:\/\/sandaljapartments.com\/wp-content\/uploads\/2026\/03\/Moscenice-2-1536x864.webp 1536w\" sizes=\"(max-width: 1579px) 100vw, 1579px\" \/>\t\t\t\t\t\t\t\t\t\t\t\t\t\t\t<\/div>\n\t\t\t\t\t<\/div>\n\t\t<\/div>\n\t\t\t\t\t<\/div><\/div>\r\n\t\t<\/section>\r\n\t\t\t\t<\/div>\n\t\t","protected":false},"excerpt":{"rendered":"<p>WELCOME BOOK ACCOMMODATION IN MO\u0160\u0106ENI\u010cKA DRAGA! Are you looking for an ideal place for your holiday? Welcome to our family&#8230;<\/p>\n","protected":false},"author":1,"featured_media":0,"parent":0,"menu_order":0,"comment_status":"closed","ping_status":"closed","template":"page-fullwidth.php","meta":{"footnotes":""},"class_list":["post-1671","page","type-page","status-publish"],"yoast_head":"<!-- This site is optimized with the Yoast SEO plugin v27.2 - https:\/\/yoast.com\/product\/yoast-seo-wordpress\/ -->\n<title>Home - Sandalj Apartmens<\/title>\n<meta name=\"robots\" content=\"index, follow, max-snippet:-1, max-image-preview:large, max-video-preview:-1\" \/>\n<link rel=\"canonical\" href=\"https:\/\/sandaljapartments.com\/en\/\" \/>\n<meta property=\"og:locale\" content=\"en_US\" \/>\n<meta property=\"og:type\" content=\"article\" \/>\n<meta property=\"og:title\" content=\"Home - Sandalj Apartmens\" \/>\n<meta property=\"og:description\" content=\"WELCOME BOOK ACCOMMODATION IN MO\u0160\u0106ENI\u010cKA DRAGA! Are you looking for an ideal place for your holiday? Welcome to our family...\" \/>\n<meta property=\"og:url\" content=\"https:\/\/sandaljapartments.com\/en\/\" \/>\n<meta property=\"og:site_name\" content=\"Sandalj Apartmens\" \/>\n<meta property=\"article:modified_time\" content=\"2026-03-23T14:42:08+00:00\" \/>\n<meta property=\"og:image\" content=\"https:\/\/sandaljapartments.com\/wp-content\/uploads\/2026\/03\/Sandalj-Apartment-Moscenicka-Draga-27-scaled.webp\" \/>\n\t<meta property=\"og:image:width\" content=\"2560\" \/>\n\t<meta property=\"og:image:height\" content=\"1707\" \/>\n\t<meta property=\"og:image:type\" content=\"image\/webp\" \/>\n<meta name=\"twitter:card\" content=\"summary_large_image\" \/>\n<meta name=\"twitter:label1\" content=\"Est. reading time\" \/>\n\t<meta name=\"twitter:data1\" content=\"1 minute\" \/>\n<script type=\"application\/ld+json\" class=\"yoast-schema-graph\">{\"@context\":\"https:\/\/schema.org\",\"@graph\":[{\"@type\":\"WebPage\",\"@id\":\"https:\/\/sandaljapartments.com\/en\/\",\"url\":\"https:\/\/sandaljapartments.com\/en\/\",\"name\":\"Home - Sandalj Apartmens\",\"isPartOf\":{\"@id\":\"https:\/\/sandaljapartments.com\/en\/#website\"},\"primaryImageOfPage\":{\"@id\":\"https:\/\/sandaljapartments.com\/en\/#primaryimage\"},\"image\":{\"@id\":\"https:\/\/sandaljapartments.com\/en\/#primaryimage\"},\"thumbnailUrl\":\"https:\/\/sandaljapartments.com\/wp-content\/uploads\/2026\/03\/Sandalj-Apartment-Moscenicka-Draga-27-1024x683.webp\",\"datePublished\":\"2019-06-01T17:20:54+00:00\",\"dateModified\":\"2026-03-23T14:42:08+00:00\",\"breadcrumb\":{\"@id\":\"https:\/\/sandaljapartments.com\/en\/#breadcrumb\"},\"inLanguage\":\"en-US\",\"potentialAction\":[{\"@type\":\"ReadAction\",\"target\":[\"https:\/\/sandaljapartments.com\/en\/\"]}]},{\"@type\":\"ImageObject\",\"inLanguage\":\"en-US\",\"@id\":\"https:\/\/sandaljapartments.com\/en\/#primaryimage\",\"url\":\"https:\/\/sandaljapartments.com\/wp-content\/uploads\/2026\/03\/Sandalj-Apartment-Moscenicka-Draga-27-1024x683.webp\",\"contentUrl\":\"https:\/\/sandaljapartments.com\/wp-content\/uploads\/2026\/03\/Sandalj-Apartment-Moscenicka-Draga-27-1024x683.webp\"},{\"@type\":\"BreadcrumbList\",\"@id\":\"https:\/\/sandaljapartments.com\/en\/#breadcrumb\",\"itemListElement\":[{\"@type\":\"ListItem\",\"position\":1,\"name\":\"Po\u010detna stranica\",\"item\":\"https:\/\/sandaljapartments.com\/en\/\"},{\"@type\":\"ListItem\",\"position\":2,\"name\":\"Home\"}]},{\"@type\":\"WebSite\",\"@id\":\"https:\/\/sandaljapartments.com\/en\/#website\",\"url\":\"https:\/\/sandaljapartments.com\/en\/\",\"name\":\"Sandalj Apartmens\",\"description\":\"Apartman za savr\u0161en odmor \u2013 odli\u010dna lokacija, udobnost i jednostavna rezervacija. Po\u0161aljite upit ve\u0107 danas.\",\"publisher\":{\"@id\":\"https:\/\/sandaljapartments.com\/en\/#organization\"},\"potentialAction\":[{\"@type\":\"SearchAction\",\"target\":{\"@type\":\"EntryPoint\",\"urlTemplate\":\"https:\/\/sandaljapartments.com\/en\/?s={search_term_string}\"},\"query-input\":{\"@type\":\"PropertyValueSpecification\",\"valueRequired\":true,\"valueName\":\"search_term_string\"}}],\"inLanguage\":\"en-US\"},{\"@type\":\"Organization\",\"@id\":\"https:\/\/sandaljapartments.com\/en\/#organization\",\"name\":\"Sandalj Apartmens\",\"url\":\"https:\/\/sandaljapartments.com\/en\/\",\"logo\":{\"@type\":\"ImageObject\",\"inLanguage\":\"en-US\",\"@id\":\"https:\/\/sandaljapartments.com\/en\/#\/schema\/logo\/image\/\",\"url\":\"https:\/\/sandaljapartments.com\/wp-content\/uploads\/2026\/02\/sandalj.png\",\"contentUrl\":\"https:\/\/sandaljapartments.com\/wp-content\/uploads\/2026\/02\/sandalj.png\",\"width\":252,\"height\":27,\"caption\":\"Sandalj Apartmens\"},\"image\":{\"@id\":\"https:\/\/sandaljapartments.com\/en\/#\/schema\/logo\/image\/\"}}]}<\/script>\n<!-- \/ Yoast SEO plugin. -->","yoast_head_json":{"title":"Home - Sandalj Apartmens","robots":{"index":"index","follow":"follow","max-snippet":"max-snippet:-1","max-image-preview":"max-image-preview:large","max-video-preview":"max-video-preview:-1"},"canonical":"https:\/\/sandaljapartments.com\/en\/","og_locale":"en_US","og_type":"article","og_title":"Home - Sandalj Apartmens","og_description":"WELCOME BOOK ACCOMMODATION IN MO\u0160\u0106ENI\u010cKA DRAGA! Are you looking for an ideal place for your holiday? Welcome to our family...","og_url":"https:\/\/sandaljapartments.com\/en\/","og_site_name":"Sandalj Apartmens","article_modified_time":"2026-03-23T14:42:08+00:00","og_image":[{"width":2560,"height":1707,"url":"https:\/\/sandaljapartments.com\/wp-content\/uploads\/2026\/03\/Sandalj-Apartment-Moscenicka-Draga-27-scaled.webp","type":"image\/webp"}],"twitter_card":"summary_large_image","twitter_misc":{"Est. reading time":"1 minute"},"schema":{"@context":"https:\/\/schema.org","@graph":[{"@type":"WebPage","@id":"https:\/\/sandaljapartments.com\/en\/","url":"https:\/\/sandaljapartments.com\/en\/","name":"Home - Sandalj Apartmens","isPartOf":{"@id":"https:\/\/sandaljapartments.com\/en\/#website"},"primaryImageOfPage":{"@id":"https:\/\/sandaljapartments.com\/en\/#primaryimage"},"image":{"@id":"https:\/\/sandaljapartments.com\/en\/#primaryimage"},"thumbnailUrl":"https:\/\/sandaljapartments.com\/wp-content\/uploads\/2026\/03\/Sandalj-Apartment-Moscenicka-Draga-27-1024x683.webp","datePublished":"2019-06-01T17:20:54+00:00","dateModified":"2026-03-23T14:42:08+00:00","breadcrumb":{"@id":"https:\/\/sandaljapartments.com\/en\/#breadcrumb"},"inLanguage":"en-US","potentialAction":[{"@type":"ReadAction","target":["https:\/\/sandaljapartments.com\/en\/"]}]},{"@type":"ImageObject","inLanguage":"en-US","@id":"https:\/\/sandaljapartments.com\/en\/#primaryimage","url":"https:\/\/sandaljapartments.com\/wp-content\/uploads\/2026\/03\/Sandalj-Apartment-Moscenicka-Draga-27-1024x683.webp","contentUrl":"https:\/\/sandaljapartments.com\/wp-content\/uploads\/2026\/03\/Sandalj-Apartment-Moscenicka-Draga-27-1024x683.webp"},{"@type":"BreadcrumbList","@id":"https:\/\/sandaljapartments.com\/en\/#breadcrumb","itemListElement":[{"@type":"ListItem","position":1,"name":"Po\u010detna stranica","item":"https:\/\/sandaljapartments.com\/en\/"},{"@type":"ListItem","position":2,"name":"Home"}]},{"@type":"WebSite","@id":"https:\/\/sandaljapartments.com\/en\/#website","url":"https:\/\/sandaljapartments.com\/en\/","name":"Sandalj Apartmens","description":"Apartman za savr\u0161en odmor \u2013 odli\u010dna lokacija, udobnost i jednostavna rezervacija. Po\u0161aljite upit ve\u0107 danas.","publisher":{"@id":"https:\/\/sandaljapartments.com\/en\/#organization"},"potentialAction":[{"@type":"SearchAction","target":{"@type":"EntryPoint","urlTemplate":"https:\/\/sandaljapartments.com\/en\/?s={search_term_string}"},"query-input":{"@type":"PropertyValueSpecification","valueRequired":true,"valueName":"search_term_string"}}],"inLanguage":"en-US"},{"@type":"Organization","@id":"https:\/\/sandaljapartments.com\/en\/#organization","name":"Sandalj Apartmens","url":"https:\/\/sandaljapartments.com\/en\/","logo":{"@type":"ImageObject","inLanguage":"en-US","@id":"https:\/\/sandaljapartments.com\/en\/#\/schema\/logo\/image\/","url":"https:\/\/sandaljapartments.com\/wp-content\/uploads\/2026\/02\/sandalj.png","contentUrl":"https:\/\/sandaljapartments.com\/wp-content\/uploads\/2026\/02\/sandalj.png","width":252,"height":27,"caption":"Sandalj Apartmens"},"image":{"@id":"https:\/\/sandaljapartments.com\/en\/#\/schema\/logo\/image\/"}}]}},"_links":{"self":[{"href":"https:\/\/sandaljapartments.com\/en\/wp-json\/wp\/v2\/pages\/1671","targetHints":{"allow":["GET"]}}],"collection":[{"href":"https:\/\/sandaljapartments.com\/en\/wp-json\/wp\/v2\/pages"}],"about":[{"href":"https:\/\/sandaljapartments.com\/en\/wp-json\/wp\/v2\/types\/page"}],"author":[{"embeddable":true,"href":"https:\/\/sandaljapartments.com\/en\/wp-json\/wp\/v2\/users\/1"}],"replies":[{"embeddable":true,"href":"https:\/\/sandaljapartments.com\/en\/wp-json\/wp\/v2\/comments?post=1671"}],"version-history":[{"count":8,"href":"https:\/\/sandaljapartments.com\/en\/wp-json\/wp\/v2\/pages\/1671\/revisions"}],"predecessor-version":[{"id":1880,"href":"https:\/\/sandaljapartments.com\/en\/wp-json\/wp\/v2\/pages\/1671\/revisions\/1880"}],"wp:attachment":[{"href":"https:\/\/sandaljapartments.com\/en\/wp-json\/wp\/v2\/media?parent=1671"}],"curies":[{"name":"wp","href":"https:\/\/api.w.org\/{rel}","templated":true}]}}