{"id":1677,"date":"2019-06-08T00:46:38","date_gmt":"2019-06-07T23:46:38","guid":{"rendered":"https:\/\/dev.sandaljapartments.com\/contact\/"},"modified":"2026-03-19T14:52:13","modified_gmt":"2026-03-19T13:52:13","slug":"contact","status":"publish","type":"page","link":"https:\/\/sandaljapartments.com\/en\/contact\/","title":{"rendered":"Contact"},"content":{"rendered":"\t\t<div data-elementor-type=\"wp-page\" data-elementor-id=\"1677\" class=\"elementor elementor-1677 elementor-276\" data-elementor-post-type=\"page\">\n\t\t\t\t<div class=\"elementor-element elementor-element-1593c40 thegem-e-con-layout-thegem e-flex e-con-boxed e-con e-parent\" data-id=\"1593c40\" data-element_type=\"container\" data-e-type=\"container\" data-settings=\"{&quot;background_background&quot;:&quot;slideshow&quot;,&quot;background_slideshow_gallery&quot;:[{&quot;id&quot;:1231,&quot;url&quot;:&quot;https:\\\/\\\/sandaljapartments.com\\\/wp-content\\\/uploads\\\/2026\\\/02\\\/22-2.jpg&quot;}],&quot;thegem_container_layout&quot;:&quot;thegem&quot;,&quot;background_slideshow_loop&quot;:&quot;yes&quot;,&quot;background_slideshow_slide_duration&quot;:5000,&quot;background_slideshow_slide_transition&quot;:&quot;fade&quot;,&quot;background_slideshow_transition_duration&quot;:500}\">\r\n\t\t\t\t\t<div class=\"e-con-inner\">\r\n\t\t\t\t<div class=\"elementor-element elementor-element-469063b flex-horizontal-align-default flex-horizontal-align-tablet-default flex-horizontal-align-mobile-default flex-vertical-align-default flex-vertical-align-tablet-default flex-vertical-align-mobile-default elementor-widget elementor-widget-thegem-contact-form7\" data-id=\"469063b\" data-element_type=\"widget\" data-e-type=\"widget\" data-settings=\"{&quot;thegem_elementor_preset&quot;:&quot;white&quot;}\" data-widget_type=\"thegem-contact-form7.default\">\n\t\t\t\t<div class=\"elementor-widget-container\">\n\t\t\t\t\t\n<div class=\"wpcf7 no-js\" id=\"wpcf7-f1800-o1\" lang=\"en-US\" dir=\"ltr\" data-wpcf7-id=\"1800\">\n<div class=\"screen-reader-response\"><p role=\"status\" aria-live=\"polite\" aria-atomic=\"true\"><\/p> <ul><\/ul><\/div>\n<form action=\"\/en\/wp-json\/wp\/v2\/pages\/1677#wpcf7-f1800-o1\" method=\"post\" class=\"wpcf7-form init thegem-cf7 gem-contact-form-white form-469063b label-top\" aria-label=\"Contact form\" novalidate=\"novalidate\" data-status=\"init\">\n<fieldset class=\"hidden-fields-container\"><legend class=\"screen-reader-text\">Hidden fields<\/legend><input type=\"hidden\" name=\"_wpcf7\" value=\"1800\" \/><input type=\"hidden\" name=\"_wpcf7_version\" value=\"6.1.5\" \/><input type=\"hidden\" name=\"_wpcf7_locale\" value=\"en_US\" \/><input type=\"hidden\" name=\"_wpcf7_unit_tag\" value=\"wpcf7-f1800-o1\" \/><input type=\"hidden\" name=\"_wpcf7_container_post\" value=\"0\" \/><input type=\"hidden\" name=\"_wpcf7_posted_data_hash\" value=\"\" \/><input type=\"hidden\" name=\"_wpcf7_recaptcha_response\" value=\"\" \/>\n<\/fieldset>\n<div class=\"contact-form-grid\">\n  <div class=\"form-field full\">\n    <label>Name, Surname<\/label>\n    <span class=\"wpcf7-form-control-wrap\" data-name=\"guest-name\"><input size=\"40\" maxlength=\"400\" class=\"wpcf7-form-control wpcf7-text wpcf7-validates-as-required\" autocomplete=\"name\" aria-required=\"true\" aria-invalid=\"false\" value=\"\" type=\"text\" name=\"guest-name\" \/><\/span>\n  <\/div>\n\n  <div class=\"form-field half\">\n    <label>Email<\/label>\n    <span class=\"wpcf7-form-control-wrap\" data-name=\"guest-email\"><input size=\"40\" maxlength=\"400\" class=\"wpcf7-form-control wpcf7-email wpcf7-validates-as-required wpcf7-text wpcf7-validates-as-email\" autocomplete=\"email\" aria-required=\"true\" aria-invalid=\"false\" value=\"\" type=\"email\" name=\"guest-email\" \/><\/span>\n  <\/div>\n\n  <div class=\"form-field half\">\n    <label>Phone<\/label>\n    <span class=\"wpcf7-form-control-wrap\" data-name=\"guest-phone\"><input size=\"40\" maxlength=\"400\" class=\"wpcf7-form-control wpcf7-tel wpcf7-text wpcf7-validates-as-tel\" autocomplete=\"tel\" aria-invalid=\"false\" value=\"\" type=\"tel\" name=\"guest-phone\" \/><\/span>\n  <\/div>\n\n  <div class=\"form-field full\">\n    <label>Subject<\/label>\n    <span class=\"wpcf7-form-control-wrap\" data-name=\"guest-subject\"><input size=\"40\" maxlength=\"400\" class=\"wpcf7-form-control wpcf7-text\" aria-invalid=\"false\" value=\"\" type=\"text\" name=\"guest-subject\" \/><\/span>\n  <\/div>\n\n  <div class=\"form-field full\">\n    <label>Message<\/label>\n    <span class=\"wpcf7-form-control-wrap\" data-name=\"guest-message\"><textarea cols=\"40\" rows=\"10\" maxlength=\"2000\" class=\"wpcf7-form-control wpcf7-textarea wpcf7-validates-as-required\" aria-required=\"true\" aria-invalid=\"false\" name=\"guest-message\"><\/textarea><\/span>\n  <\/div>\n\n  <div class=\"form-field full submit-wrap\">\n    <div class=\"gem-button-container gem-button-position-fullwidth\"><input class=\"gem-button gem-button-size-medium gem-button-style-flat gem-button-text-weight-normal wpcf7-form-control wpcf7-submit has-spinner gem-button-wpcf-custom\" style=\"border-radius: 0px;background-color: #C8A96AFF;color: #ffffff;\" onmouseleave=\"this.style.backgroundColor='#C8A96AFF';this.style.color='#ffffff';\" onmouseenter=\"this.style.backgroundColor='#105e6f';this.style.color='#ffffff';\" id=\"\" tabindex=\"\" type=\"submit\" value=\"SEND\" \/><\/div> \n  <\/div>\n<\/div><div class=\"wpcf7-response-output\" aria-hidden=\"true\"><\/div>\n<\/form>\n<\/div>\n\t\t\t\t<\/div>\n\t\t\t\t<\/div>\n\t\t\t\t\t<\/div>\n\t\t\t\t<\/div>\n\t\t\t\t<\/div>\n\t\t","protected":false},"excerpt":{"rendered":"<p>Hidden fields Name, Surname Email Phone Subject Message<\/p>\n","protected":false},"author":1,"featured_media":0,"parent":0,"menu_order":0,"comment_status":"closed","ping_status":"closed","template":"page-fullwidth.php","meta":{"footnotes":""},"class_list":["post-1677","page","type-page","status-publish"],"yoast_head":"<!-- This site is optimized with the Yoast SEO plugin v27.2 - https:\/\/yoast.com\/product\/yoast-seo-wordpress\/ -->\n<title>Contact - Sandalj Apartmens<\/title>\n<meta name=\"robots\" content=\"index, follow, max-snippet:-1, max-image-preview:large, max-video-preview:-1\" \/>\n<link rel=\"canonical\" href=\"https:\/\/sandaljapartments.com\/en\/contact\/\" \/>\n<meta property=\"og:locale\" content=\"en_US\" \/>\n<meta property=\"og:type\" content=\"article\" \/>\n<meta property=\"og:title\" content=\"Contact - Sandalj Apartmens\" \/>\n<meta property=\"og:description\" content=\"Hidden fields Name, Surname Email Phone Subject Message\" \/>\n<meta property=\"og:url\" content=\"https:\/\/sandaljapartments.com\/en\/contact\/\" \/>\n<meta property=\"og:site_name\" content=\"Sandalj Apartmens\" \/>\n<meta property=\"article:modified_time\" content=\"2026-03-19T13:52:13+00:00\" \/>\n<meta property=\"og:image\" content=\"https:\/\/sandaljapartments.com\/wp-content\/uploads\/2026\/02\/sandalj.png\" \/>\n\t<meta property=\"og:image:width\" content=\"252\" \/>\n\t<meta property=\"og:image:height\" content=\"27\" \/>\n\t<meta property=\"og:image:type\" content=\"image\/png\" \/>\n<meta name=\"twitter:card\" content=\"summary_large_image\" \/>\n<script type=\"application\/ld+json\" class=\"yoast-schema-graph\">{\"@context\":\"https:\/\/schema.org\",\"@graph\":[{\"@type\":\"WebPage\",\"@id\":\"https:\/\/sandaljapartments.com\/en\/contact\/\",\"url\":\"https:\/\/sandaljapartments.com\/en\/contact\/\",\"name\":\"Contact - Sandalj Apartmens\",\"isPartOf\":{\"@id\":\"https:\/\/sandaljapartments.com\/en\/#website\"},\"datePublished\":\"2019-06-07T23:46:38+00:00\",\"dateModified\":\"2026-03-19T13:52:13+00:00\",\"breadcrumb\":{\"@id\":\"https:\/\/sandaljapartments.com\/en\/contact\/#breadcrumb\"},\"inLanguage\":\"en-US\",\"potentialAction\":[{\"@type\":\"ReadAction\",\"target\":[\"https:\/\/sandaljapartments.com\/en\/contact\/\"]}]},{\"@type\":\"BreadcrumbList\",\"@id\":\"https:\/\/sandaljapartments.com\/en\/contact\/#breadcrumb\",\"itemListElement\":[{\"@type\":\"ListItem\",\"position\":1,\"name\":\"Po\u010detna stranica\",\"item\":\"https:\/\/sandaljapartments.com\/en\/\"},{\"@type\":\"ListItem\",\"position\":2,\"name\":\"Contact\"}]},{\"@type\":\"WebSite\",\"@id\":\"https:\/\/sandaljapartments.com\/en\/#website\",\"url\":\"https:\/\/sandaljapartments.com\/en\/\",\"name\":\"Sandalj Apartmens\",\"description\":\"Apartman za savr\u0161en odmor \u2013 odli\u010dna lokacija, udobnost i jednostavna rezervacija. Po\u0161aljite upit ve\u0107 danas.\",\"publisher\":{\"@id\":\"https:\/\/sandaljapartments.com\/en\/#organization\"},\"potentialAction\":[{\"@type\":\"SearchAction\",\"target\":{\"@type\":\"EntryPoint\",\"urlTemplate\":\"https:\/\/sandaljapartments.com\/en\/?s={search_term_string}\"},\"query-input\":{\"@type\":\"PropertyValueSpecification\",\"valueRequired\":true,\"valueName\":\"search_term_string\"}}],\"inLanguage\":\"en-US\"},{\"@type\":\"Organization\",\"@id\":\"https:\/\/sandaljapartments.com\/en\/#organization\",\"name\":\"Sandalj Apartmens\",\"url\":\"https:\/\/sandaljapartments.com\/en\/\",\"logo\":{\"@type\":\"ImageObject\",\"inLanguage\":\"en-US\",\"@id\":\"https:\/\/sandaljapartments.com\/en\/#\/schema\/logo\/image\/\",\"url\":\"https:\/\/sandaljapartments.com\/wp-content\/uploads\/2026\/02\/sandalj.png\",\"contentUrl\":\"https:\/\/sandaljapartments.com\/wp-content\/uploads\/2026\/02\/sandalj.png\",\"width\":252,\"height\":27,\"caption\":\"Sandalj Apartmens\"},\"image\":{\"@id\":\"https:\/\/sandaljapartments.com\/en\/#\/schema\/logo\/image\/\"}}]}<\/script>\n<!-- \/ Yoast SEO plugin. -->","yoast_head_json":{"title":"Contact - Sandalj Apartmens","robots":{"index":"index","follow":"follow","max-snippet":"max-snippet:-1","max-image-preview":"max-image-preview:large","max-video-preview":"max-video-preview:-1"},"canonical":"https:\/\/sandaljapartments.com\/en\/contact\/","og_locale":"en_US","og_type":"article","og_title":"Contact - Sandalj Apartmens","og_description":"Hidden fields Name, Surname Email Phone Subject Message","og_url":"https:\/\/sandaljapartments.com\/en\/contact\/","og_site_name":"Sandalj Apartmens","article_modified_time":"2026-03-19T13:52:13+00:00","og_image":[{"width":252,"height":27,"url":"https:\/\/sandaljapartments.com\/wp-content\/uploads\/2026\/02\/sandalj.png","type":"image\/png"}],"twitter_card":"summary_large_image","schema":{"@context":"https:\/\/schema.org","@graph":[{"@type":"WebPage","@id":"https:\/\/sandaljapartments.com\/en\/contact\/","url":"https:\/\/sandaljapartments.com\/en\/contact\/","name":"Contact - Sandalj Apartmens","isPartOf":{"@id":"https:\/\/sandaljapartments.com\/en\/#website"},"datePublished":"2019-06-07T23:46:38+00:00","dateModified":"2026-03-19T13:52:13+00:00","breadcrumb":{"@id":"https:\/\/sandaljapartments.com\/en\/contact\/#breadcrumb"},"inLanguage":"en-US","potentialAction":[{"@type":"ReadAction","target":["https:\/\/sandaljapartments.com\/en\/contact\/"]}]},{"@type":"BreadcrumbList","@id":"https:\/\/sandaljapartments.com\/en\/contact\/#breadcrumb","itemListElement":[{"@type":"ListItem","position":1,"name":"Po\u010detna stranica","item":"https:\/\/sandaljapartments.com\/en\/"},{"@type":"ListItem","position":2,"name":"Contact"}]},{"@type":"WebSite","@id":"https:\/\/sandaljapartments.com\/en\/#website","url":"https:\/\/sandaljapartments.com\/en\/","name":"Sandalj Apartmens","description":"Apartman za savr\u0161en odmor \u2013 odli\u010dna lokacija, udobnost i jednostavna rezervacija. Po\u0161aljite upit ve\u0107 danas.","publisher":{"@id":"https:\/\/sandaljapartments.com\/en\/#organization"},"potentialAction":[{"@type":"SearchAction","target":{"@type":"EntryPoint","urlTemplate":"https:\/\/sandaljapartments.com\/en\/?s={search_term_string}"},"query-input":{"@type":"PropertyValueSpecification","valueRequired":true,"valueName":"search_term_string"}}],"inLanguage":"en-US"},{"@type":"Organization","@id":"https:\/\/sandaljapartments.com\/en\/#organization","name":"Sandalj Apartmens","url":"https:\/\/sandaljapartments.com\/en\/","logo":{"@type":"ImageObject","inLanguage":"en-US","@id":"https:\/\/sandaljapartments.com\/en\/#\/schema\/logo\/image\/","url":"https:\/\/sandaljapartments.com\/wp-content\/uploads\/2026\/02\/sandalj.png","contentUrl":"https:\/\/sandaljapartments.com\/wp-content\/uploads\/2026\/02\/sandalj.png","width":252,"height":27,"caption":"Sandalj Apartmens"},"image":{"@id":"https:\/\/sandaljapartments.com\/en\/#\/schema\/logo\/image\/"}}]}},"_links":{"self":[{"href":"https:\/\/sandaljapartments.com\/en\/wp-json\/wp\/v2\/pages\/1677","targetHints":{"allow":["GET"]}}],"collection":[{"href":"https:\/\/sandaljapartments.com\/en\/wp-json\/wp\/v2\/pages"}],"about":[{"href":"https:\/\/sandaljapartments.com\/en\/wp-json\/wp\/v2\/types\/page"}],"author":[{"embeddable":true,"href":"https:\/\/sandaljapartments.com\/en\/wp-json\/wp\/v2\/users\/1"}],"replies":[{"embeddable":true,"href":"https:\/\/sandaljapartments.com\/en\/wp-json\/wp\/v2\/comments?post=1677"}],"version-history":[{"count":1,"href":"https:\/\/sandaljapartments.com\/en\/wp-json\/wp\/v2\/pages\/1677\/revisions"}],"predecessor-version":[{"id":1678,"href":"https:\/\/sandaljapartments.com\/en\/wp-json\/wp\/v2\/pages\/1677\/revisions\/1678"}],"wp:attachment":[{"href":"https:\/\/sandaljapartments.com\/en\/wp-json\/wp\/v2\/media?parent=1677"}],"curies":[{"name":"wp","href":"https:\/\/api.w.org\/{rel}","templated":true}]}}