{"id":1694,"date":"2019-06-01T18:20:54","date_gmt":"2019-06-01T17:20:54","guid":{"rendered":"https:\/\/dev.sandaljapartments.com\/home\/"},"modified":"2026-03-26T13:07:30","modified_gmt":"2026-03-26T12:07:30","slug":"home","status":"publish","type":"page","link":"https:\/\/sandaljapartments.com\/it\/","title":{"rendered":"Home"},"content":{"rendered":"\t\t<div data-elementor-type=\"wp-page\" data-elementor-id=\"1694\" class=\"elementor elementor-1694 elementor-1291\" data-elementor-post-type=\"page\">\n\t\t\t\t\t\t<section class=\"elementor-section elementor-top-section elementor-element elementor-element-77f6b23 elementor-section-boxed elementor-section-height-default elementor-section-height-default\" data-id=\"77f6b23\" data-element_type=\"section\" data-e-type=\"section\">\r\n\t\t\t\t\t\t<div class=\"elementor-container elementor-column-gap-thegem\"><div class=\"elementor-row\">\r\n\t\t\t\t\t<div class=\"elementor-column elementor-col-50 elementor-top-column elementor-element elementor-element-aae2492\" data-id=\"aae2492\" data-element_type=\"column\" data-e-type=\"column\" data-settings=\"{&quot;thegem_inline_elements&quot;:&quot;yes&quot;}\">\n\t\t\t<div class=\"elementor-widget-wrap elementor-element-populated\">\n\t\t\t\t\t\t<div class=\"elementor-element elementor-element-3075c2d flex-horizontal-align-default flex-horizontal-align-tablet-default flex-horizontal-align-mobile-default flex-vertical-align-default flex-vertical-align-tablet-default flex-vertical-align-mobile-default elementor-widget elementor-widget-image\" data-id=\"3075c2d\" data-element_type=\"widget\" data-e-type=\"widget\" data-widget_type=\"image.default\">\n\t\t\t\t\t\t\t\t\t\t\t\t\t\t\t<img fetchpriority=\"high\" width=\"1024\" height=\"683\" src=\"https:\/\/sandaljapartments.com\/wp-content\/uploads\/2026\/03\/Sandalj-Apartment-Moscenicka-Draga-27-1024x683.webp\" class=\"attachment-large size-large wp-image-2364\" alt=\"\" srcset=\"https:\/\/sandaljapartments.com\/wp-content\/uploads\/2026\/03\/Sandalj-Apartment-Moscenicka-Draga-27-1024x683.webp 1024w, https:\/\/sandaljapartments.com\/wp-content\/uploads\/2026\/03\/Sandalj-Apartment-Moscenicka-Draga-27-300x200.webp 300w, https:\/\/sandaljapartments.com\/wp-content\/uploads\/2026\/03\/Sandalj-Apartment-Moscenicka-Draga-27-768x512.webp 768w, https:\/\/sandaljapartments.com\/wp-content\/uploads\/2026\/03\/Sandalj-Apartment-Moscenicka-Draga-27-1536x1024.webp 1536w, https:\/\/sandaljapartments.com\/wp-content\/uploads\/2026\/03\/Sandalj-Apartment-Moscenicka-Draga-27-2048x1366.webp 2048w\" sizes=\"(max-width: 1024px) 100vw, 1024px\" \/>\t\t\t\t\t\t\t\t\t\t\t\t\t\t\t<\/div>\n\t\t\t\t\t<\/div>\n\t\t<\/div>\n\t\t\t\t<div class=\"elementor-column elementor-col-50 elementor-top-column elementor-element elementor-element-f64f8a5\" data-id=\"f64f8a5\" data-element_type=\"column\" data-e-type=\"column\" data-settings=\"{&quot;thegem_inline_elements&quot;:&quot;yes&quot;}\">\n\t\t\t<div class=\"elementor-widget-wrap elementor-element-populated\">\n\t\t\t\t\t\t<div class=\"elementor-element elementor-element-bf95834 flex-horizontal-align-default flex-horizontal-align-tablet-default flex-horizontal-align-mobile-default flex-vertical-align-default flex-vertical-align-tablet-default flex-vertical-align-mobile-default elementor-widget elementor-widget-heading\" data-id=\"bf95834\" data-element_type=\"widget\" data-e-type=\"widget\" data-widget_type=\"heading.default\">\n\t\t\t\t\t<div class=\"title-h5 light elementor-heading-title elementor-size-default\">BENVENUTI<\/div>\t\t\t\t<\/div>\n\t\t\t\t<div class=\"elementor-element elementor-element-eedf8f9 flex-horizontal-align-default flex-horizontal-align-tablet-default flex-horizontal-align-mobile-default flex-vertical-align-default flex-vertical-align-tablet-default flex-vertical-align-mobile-default elementor-widget elementor-widget-heading\" data-id=\"eedf8f9\" data-element_type=\"widget\" data-e-type=\"widget\" data-widget_type=\"heading.default\">\n\t\t\t\t\t<div class=\"title-h1 elementor-heading-title elementor-size-default\">PRENOTARE A MO\u0160\u0106ENI\u010cKA DRAGA!<\/div>\t\t\t\t<\/div>\n\t\t\t\t<div class=\"elementor-element elementor-element-27a00ea flex-horizontal-align-default flex-horizontal-align-tablet-default flex-horizontal-align-mobile-default flex-vertical-align-default flex-vertical-align-tablet-default flex-vertical-align-mobile-default elementor-widget elementor-widget-text-editor\" data-id=\"27a00ea\" data-element_type=\"widget\" data-e-type=\"widget\" data-widget_type=\"text-editor.default\">\n\t\t\t\t\t\t\t\t\t\t\t\t<div class=\"elementor-text-editor elementor-clearfix\">\r\n\t\t\t\t\t\t<p>Cercate il posto giusto per la vostra vacanza? Benvenuti nella nostra casa di famiglia Sandalj, si trova nella parte pi\u00f9 bella e tranquilla di Mo\u0161\u0107eni\u010dka Draga, a soli 150 m dal mare e dalla bellissima spiaggia ghiaiosa, una delle pi\u00f9 belle dell\u2019Adriatico, e a 100 m dal vivace centro citt\u00e0.<\/p><p>Con una tradizione d\u2019affitto di oltre 40 anni Vi offriamo una confortevole sistemazione ed un piacevole soggiorno in un ambiente accogliente.<\/p><p>L&#8217;appartamento si trova al primo piano, ha una superficie totale di 80 mq, \u00e8 ideale per 5-6 persone. Include una terrazza all\u2019aperto, 3 camere doppie, due bagni e cucina con sala da pranzo. Gli ospiti hanno a disposizione anche un parcheggio privato davanti alla struttura.<\/p><p>Cari ospiti, noi desideriamo che godiate appieno la Vostra unica ed indimenticabile vacanza.<\/p>\t\t\t\t\t\t\t<\/div>\r\n\t\t\t\t\t\t\t\t\t\t<\/div>\n\t\t\t\t<div class=\"elementor-element elementor-element-879da09 flex-horizontal-align-default flex-horizontal-align-tablet-default flex-horizontal-align-mobile-default flex-vertical-align-default flex-vertical-align-tablet-default flex-vertical-align-mobile-default elementor-widget elementor-widget-thegem-styledbutton\" data-id=\"879da09\" data-element_type=\"widget\" data-e-type=\"widget\" data-settings=\"{&quot;thegem_button_skin&quot;:&quot;outline&quot;,&quot;effects_enabled&quot;:&quot;yes&quot;}\" data-widget_type=\"thegem-styledbutton.default\">\n\t\t\t\t<div class=\"elementor-widget-container\">\n\t\t\t\t\t\n<div class=\"gem-button-container gem-widget-button lazy-loading\">\n\n\t\t<a class=\"lazy-loading-item gem-button gem-button-size-small gem-button-text-weight-bold gem-button-style-outline gem-button-border-2\" data-ll-effect=\"drop-right-without-wrap\" href=\"https:\/\/sandaljapartments.com\/smjestaj\/\">\n\t\t<span class=\"gem-inner-wrapper-btn\">\n\t\t\t\t\t\t<span class=\"gem-text-button\">\n\t\t\t\tPIU\t\t\t<\/span>\n\t\t<\/span>\n\t<\/a>\n\n\t\n<\/div>\t\t\t\t<\/div>\n\t\t\t\t<\/div>\n\t\t\t\t\t<\/div>\n\t\t<\/div>\n\t\t\t\t\t<\/div><\/div>\r\n\t\t<\/section>\r\n\t\t\t\t<section class=\"elementor-section elementor-top-section elementor-element elementor-element-7a038a0 elementor-section-boxed elementor-section-height-default elementor-section-height-default\" data-id=\"7a038a0\" data-element_type=\"section\" data-e-type=\"section\" data-settings=\"{&quot;background_background&quot;:&quot;classic&quot;}\">\r\n\t\t\t\t\t\t<div class=\"elementor-container elementor-column-gap-thegem\"><div class=\"elementor-row\">\r\n\t\t\t\t\t<div class=\"elementor-column elementor-col-50 elementor-top-column elementor-element elementor-element-2595eb2\" data-id=\"2595eb2\" data-element_type=\"column\" data-e-type=\"column\" data-settings=\"{&quot;thegem_inline_elements&quot;:&quot;yes&quot;}\">\n\t\t\t<div class=\"elementor-widget-wrap elementor-element-populated\">\n\t\t\t\t\t\t<div class=\"elementor-element elementor-element-86d3407 flex-horizontal-align-default flex-horizontal-align-tablet-default flex-horizontal-align-mobile-default flex-vertical-align-default flex-vertical-align-tablet-default flex-vertical-align-mobile-default elementor-widget elementor-widget-heading\" data-id=\"86d3407\" data-element_type=\"widget\" data-e-type=\"widget\" data-widget_type=\"heading.default\">\n\t\t\t\t\t<div class=\"title-h1 elementor-heading-title elementor-size-default\">Mo\u0161\u0107eni\u010dka Draga<\/div>\t\t\t\t<\/div>\n\t\t\t\t<div class=\"elementor-element elementor-element-3a9eab4 flex-horizontal-align-default flex-horizontal-align-tablet-default flex-horizontal-align-mobile-default flex-vertical-align-default flex-vertical-align-tablet-default flex-vertical-align-mobile-default elementor-widget elementor-widget-text-editor\" data-id=\"3a9eab4\" data-element_type=\"widget\" data-e-type=\"widget\" data-widget_type=\"text-editor.default\">\n\t\t\t\t\t\t\t\t\t\t\t\t<div class=\"elementor-text-editor elementor-clearfix\">\r\n\t\t\t\t\t\t<p>Il caldo sole mediterraneo e il mare limpido, la sicurezza e la tranquillit\u00e0 dell&#8217;ambiente circostante attraggono da decenni i turisti a <a href=\"http:\/\/www.tz-moscenicka.hr\/\">Mo\u0161\u0107eni\u010dka Draga<\/a>, che si \u00e8 sviluppata fino a diventare un centro turistico della Riviera di Abbazia.<\/p><p>Situata ai piedi del verde Monte U\u010dka, Mo\u0161\u0107eni\u010dka Draga \u00e8 nota per la sua lunga spiaggia di ciottoli chiamata Sipar. Una piacevole passeggiata sul lungomare verso la spiaggia di Sv. Ivan vi sveler\u00e0 calette e rocce nascoste, dove potrete godere appieno della bellezza della natura e della privacy.<\/p><p>Nelle immediate vicinanze di Mo\u0161\u0107eni\u010dka Draga si trovano due cittadine medievali Mo\u0161\u0107enice e Brse\u010d.<\/p><p>Quando vi trovate a Mo\u0161\u0107eni\u010dka Draga, oltre che le lunghe passeggiate lungomare, potete usufruire anche delle altre attivit\u00e0 che questa bellissima citt\u00e0 di mare vi offre.<\/p><p>Potete trascorrere le vostre vacanze godendo sulla spiaggia ghiaiosa e nel mare, qui c\u2019\u00e8 l\u2019offerta di tutti gli sport acquatici, gite in barca sulla vicina isola di Krk, Cres e godere un giro panoramico lungo la costa della Riviera di Opatija.<\/p><p>Per i veri amanti della natura, delle passeggiate e dell\u2019alpinismo consigliamo tutta una serie di percorsi che portano a bellissimi punti panoramici attraverso villaggi, borghi e natura incontaminata nel\u00a0<a href=\"http:\/\/www.pp-ucka.hr\/\">Parco Naturale U\u010dka<\/a>.<\/p><p>Qui non godrete solo nella natura incontaminata, nell\u2019aria pulita e nel limpido mare ma anche nella ricca\u00a0<a href=\"http:\/\/www.tz-moscenicka.hr\/hr\/gastronomija\/21\/25\">offerta gastronomica<\/a>.<\/p><p>Concedete ai vostri sensi i sapori ed i profumi del Mediterraneo, gustate i piatti preparati con cura nei nostri ristoranti e trattorie.<\/p>\t\t\t\t\t\t\t<\/div>\r\n\t\t\t\t\t\t\t\t\t\t<\/div>\n\t\t\t\t\t<\/div>\n\t\t<\/div>\n\t\t\t\t<div class=\"elementor-column elementor-col-50 elementor-top-column elementor-element elementor-element-062b73d\" data-id=\"062b73d\" data-element_type=\"column\" data-e-type=\"column\" data-settings=\"{&quot;thegem_inline_elements&quot;:&quot;yes&quot;}\">\n\t\t\t<div class=\"elementor-widget-wrap elementor-element-populated\">\n\t\t\t\t\t\t<div class=\"elementor-element elementor-element-77ffd28 flex-horizontal-align-default flex-horizontal-align-tablet-default flex-horizontal-align-mobile-default flex-vertical-align-default flex-vertical-align-tablet-default flex-vertical-align-mobile-default elementor-widget elementor-widget-image\" data-id=\"77ffd28\" data-element_type=\"widget\" data-e-type=\"widget\" data-widget_type=\"image.default\">\n\t\t\t\t\t\t\t\t\t\t\t\t\t\t\t<img src=\"https:\/\/sandaljapartments.com\/wp-content\/uploads\/2026\/02\/moscenice1.jpg\" title=\"\" alt=\"\" loading=\"lazy\" \/>\t\t\t\t\t\t\t\t\t\t\t\t\t\t\t<\/div>\n\t\t\t\t<div class=\"elementor-element elementor-element-5445c8b flex-horizontal-align-default flex-horizontal-align-tablet-default flex-horizontal-align-mobile-default flex-vertical-align-default flex-vertical-align-tablet-default flex-vertical-align-mobile-default elementor-widget elementor-widget-image\" data-id=\"5445c8b\" data-element_type=\"widget\" data-e-type=\"widget\" data-widget_type=\"image.default\">\n\t\t\t\t\t\t\t\t\t\t\t\t\t\t\t<img width=\"1579\" height=\"888\" src=\"https:\/\/sandaljapartments.com\/wp-content\/uploads\/2026\/03\/Moscenice-2.webp\" class=\"attachment-full size-full wp-image-1850\" alt=\"\" srcset=\"https:\/\/sandaljapartments.com\/wp-content\/uploads\/2026\/03\/Moscenice-2.webp 1579w, https:\/\/sandaljapartments.com\/wp-content\/uploads\/2026\/03\/Moscenice-2-300x169.webp 300w, https:\/\/sandaljapartments.com\/wp-content\/uploads\/2026\/03\/Moscenice-2-1024x576.webp 1024w, https:\/\/sandaljapartments.com\/wp-content\/uploads\/2026\/03\/Moscenice-2-768x432.webp 768w, https:\/\/sandaljapartments.com\/wp-content\/uploads\/2026\/03\/Moscenice-2-1536x864.webp 1536w\" sizes=\"(max-width: 1579px) 100vw, 1579px\" \/>\t\t\t\t\t\t\t\t\t\t\t\t\t\t\t<\/div>\n\t\t\t\t\t<\/div>\n\t\t<\/div>\n\t\t\t\t\t<\/div><\/div>\r\n\t\t<\/section>\r\n\t\t\t\t<\/div>\n\t\t","protected":false},"excerpt":{"rendered":"<p>BENVENUTI PRENOTARE A MO\u0160\u0106ENI\u010cKA DRAGA! Cercate il posto giusto per la vostra vacanza? Benvenuti nella nostra casa di famiglia Sandalj,&#8230;<\/p>\n","protected":false},"author":1,"featured_media":0,"parent":0,"menu_order":0,"comment_status":"closed","ping_status":"closed","template":"page-fullwidth.php","meta":{"footnotes":""},"class_list":["post-1694","page","type-page","status-publish"],"yoast_head":"<!-- This site is optimized with the Yoast SEO plugin v27.2 - https:\/\/yoast.com\/product\/yoast-seo-wordpress\/ -->\n<title>Home - Sandalj Apartmens<\/title>\n<meta name=\"robots\" content=\"index, follow, max-snippet:-1, max-image-preview:large, max-video-preview:-1\" \/>\n<link rel=\"canonical\" href=\"https:\/\/sandaljapartments.com\/it\/\" \/>\n<meta property=\"og:locale\" content=\"it_IT\" \/>\n<meta property=\"og:type\" content=\"article\" \/>\n<meta property=\"og:title\" content=\"Home - Sandalj Apartmens\" \/>\n<meta property=\"og:description\" content=\"BENVENUTI PRENOTARE A MO\u0160\u0106ENI\u010cKA DRAGA! Cercate il posto giusto per la vostra vacanza? Benvenuti nella nostra casa di famiglia Sandalj,...\" \/>\n<meta property=\"og:url\" content=\"https:\/\/sandaljapartments.com\/it\/\" \/>\n<meta property=\"og:site_name\" content=\"Sandalj Apartmens\" \/>\n<meta property=\"article:modified_time\" content=\"2026-03-26T12:07:30+00:00\" \/>\n<meta property=\"og:image\" content=\"https:\/\/sandaljapartments.com\/wp-content\/uploads\/2026\/03\/Sandalj-Apartment-Moscenicka-Draga-27-scaled.webp\" \/>\n\t<meta property=\"og:image:width\" content=\"2560\" \/>\n\t<meta property=\"og:image:height\" content=\"1707\" \/>\n\t<meta property=\"og:image:type\" content=\"image\/webp\" \/>\n<meta name=\"twitter:card\" content=\"summary_large_image\" \/>\n<meta name=\"twitter:label1\" content=\"Tempo di lettura stimato\" \/>\n\t<meta name=\"twitter:data1\" content=\"1 minuto\" \/>\n<script type=\"application\/ld+json\" class=\"yoast-schema-graph\">{\"@context\":\"https:\/\/schema.org\",\"@graph\":[{\"@type\":\"WebPage\",\"@id\":\"https:\/\/sandaljapartments.com\/it\/\",\"url\":\"https:\/\/sandaljapartments.com\/it\/\",\"name\":\"Home - Sandalj Apartmens\",\"isPartOf\":{\"@id\":\"https:\/\/sandaljapartments.com\/it\/#website\"},\"primaryImageOfPage\":{\"@id\":\"https:\/\/sandaljapartments.com\/it\/#primaryimage\"},\"image\":{\"@id\":\"https:\/\/sandaljapartments.com\/it\/#primaryimage\"},\"thumbnailUrl\":\"https:\/\/sandaljapartments.com\/wp-content\/uploads\/2026\/03\/Sandalj-Apartment-Moscenicka-Draga-27-1024x683.webp\",\"datePublished\":\"2019-06-01T17:20:54+00:00\",\"dateModified\":\"2026-03-26T12:07:30+00:00\",\"breadcrumb\":{\"@id\":\"https:\/\/sandaljapartments.com\/it\/#breadcrumb\"},\"inLanguage\":\"it-IT\",\"potentialAction\":[{\"@type\":\"ReadAction\",\"target\":[\"https:\/\/sandaljapartments.com\/it\/\"]}]},{\"@type\":\"ImageObject\",\"inLanguage\":\"it-IT\",\"@id\":\"https:\/\/sandaljapartments.com\/it\/#primaryimage\",\"url\":\"https:\/\/sandaljapartments.com\/wp-content\/uploads\/2026\/03\/Sandalj-Apartment-Moscenicka-Draga-27-1024x683.webp\",\"contentUrl\":\"https:\/\/sandaljapartments.com\/wp-content\/uploads\/2026\/03\/Sandalj-Apartment-Moscenicka-Draga-27-1024x683.webp\"},{\"@type\":\"BreadcrumbList\",\"@id\":\"https:\/\/sandaljapartments.com\/it\/#breadcrumb\",\"itemListElement\":[{\"@type\":\"ListItem\",\"position\":1,\"name\":\"Po\u010detna stranica\",\"item\":\"https:\/\/sandaljapartments.com\/it\/\"},{\"@type\":\"ListItem\",\"position\":2,\"name\":\"Home\"}]},{\"@type\":\"WebSite\",\"@id\":\"https:\/\/sandaljapartments.com\/it\/#website\",\"url\":\"https:\/\/sandaljapartments.com\/it\/\",\"name\":\"Sandalj Apartmens\",\"description\":\"Apartman za savr\u0161en odmor \u2013 odli\u010dna lokacija, udobnost i jednostavna rezervacija. Po\u0161aljite upit ve\u0107 danas.\",\"publisher\":{\"@id\":\"https:\/\/sandaljapartments.com\/it\/#organization\"},\"potentialAction\":[{\"@type\":\"SearchAction\",\"target\":{\"@type\":\"EntryPoint\",\"urlTemplate\":\"https:\/\/sandaljapartments.com\/it\/?s={search_term_string}\"},\"query-input\":{\"@type\":\"PropertyValueSpecification\",\"valueRequired\":true,\"valueName\":\"search_term_string\"}}],\"inLanguage\":\"it-IT\"},{\"@type\":\"Organization\",\"@id\":\"https:\/\/sandaljapartments.com\/it\/#organization\",\"name\":\"Sandalj Apartmens\",\"url\":\"https:\/\/sandaljapartments.com\/it\/\",\"logo\":{\"@type\":\"ImageObject\",\"inLanguage\":\"it-IT\",\"@id\":\"https:\/\/sandaljapartments.com\/it\/#\/schema\/logo\/image\/\",\"url\":\"https:\/\/sandaljapartments.com\/wp-content\/uploads\/2026\/02\/sandalj.png\",\"contentUrl\":\"https:\/\/sandaljapartments.com\/wp-content\/uploads\/2026\/02\/sandalj.png\",\"width\":252,\"height\":27,\"caption\":\"Sandalj Apartmens\"},\"image\":{\"@id\":\"https:\/\/sandaljapartments.com\/it\/#\/schema\/logo\/image\/\"}}]}<\/script>\n<!-- \/ Yoast SEO plugin. -->","yoast_head_json":{"title":"Home - Sandalj Apartmens","robots":{"index":"index","follow":"follow","max-snippet":"max-snippet:-1","max-image-preview":"max-image-preview:large","max-video-preview":"max-video-preview:-1"},"canonical":"https:\/\/sandaljapartments.com\/it\/","og_locale":"it_IT","og_type":"article","og_title":"Home - Sandalj Apartmens","og_description":"BENVENUTI PRENOTARE A MO\u0160\u0106ENI\u010cKA DRAGA! Cercate il posto giusto per la vostra vacanza? Benvenuti nella nostra casa di famiglia Sandalj,...","og_url":"https:\/\/sandaljapartments.com\/it\/","og_site_name":"Sandalj Apartmens","article_modified_time":"2026-03-26T12:07:30+00:00","og_image":[{"width":2560,"height":1707,"url":"https:\/\/sandaljapartments.com\/wp-content\/uploads\/2026\/03\/Sandalj-Apartment-Moscenicka-Draga-27-scaled.webp","type":"image\/webp"}],"twitter_card":"summary_large_image","twitter_misc":{"Tempo di lettura stimato":"1 minuto"},"schema":{"@context":"https:\/\/schema.org","@graph":[{"@type":"WebPage","@id":"https:\/\/sandaljapartments.com\/it\/","url":"https:\/\/sandaljapartments.com\/it\/","name":"Home - Sandalj Apartmens","isPartOf":{"@id":"https:\/\/sandaljapartments.com\/it\/#website"},"primaryImageOfPage":{"@id":"https:\/\/sandaljapartments.com\/it\/#primaryimage"},"image":{"@id":"https:\/\/sandaljapartments.com\/it\/#primaryimage"},"thumbnailUrl":"https:\/\/sandaljapartments.com\/wp-content\/uploads\/2026\/03\/Sandalj-Apartment-Moscenicka-Draga-27-1024x683.webp","datePublished":"2019-06-01T17:20:54+00:00","dateModified":"2026-03-26T12:07:30+00:00","breadcrumb":{"@id":"https:\/\/sandaljapartments.com\/it\/#breadcrumb"},"inLanguage":"it-IT","potentialAction":[{"@type":"ReadAction","target":["https:\/\/sandaljapartments.com\/it\/"]}]},{"@type":"ImageObject","inLanguage":"it-IT","@id":"https:\/\/sandaljapartments.com\/it\/#primaryimage","url":"https:\/\/sandaljapartments.com\/wp-content\/uploads\/2026\/03\/Sandalj-Apartment-Moscenicka-Draga-27-1024x683.webp","contentUrl":"https:\/\/sandaljapartments.com\/wp-content\/uploads\/2026\/03\/Sandalj-Apartment-Moscenicka-Draga-27-1024x683.webp"},{"@type":"BreadcrumbList","@id":"https:\/\/sandaljapartments.com\/it\/#breadcrumb","itemListElement":[{"@type":"ListItem","position":1,"name":"Po\u010detna stranica","item":"https:\/\/sandaljapartments.com\/it\/"},{"@type":"ListItem","position":2,"name":"Home"}]},{"@type":"WebSite","@id":"https:\/\/sandaljapartments.com\/it\/#website","url":"https:\/\/sandaljapartments.com\/it\/","name":"Sandalj Apartmens","description":"Apartman za savr\u0161en odmor \u2013 odli\u010dna lokacija, udobnost i jednostavna rezervacija. Po\u0161aljite upit ve\u0107 danas.","publisher":{"@id":"https:\/\/sandaljapartments.com\/it\/#organization"},"potentialAction":[{"@type":"SearchAction","target":{"@type":"EntryPoint","urlTemplate":"https:\/\/sandaljapartments.com\/it\/?s={search_term_string}"},"query-input":{"@type":"PropertyValueSpecification","valueRequired":true,"valueName":"search_term_string"}}],"inLanguage":"it-IT"},{"@type":"Organization","@id":"https:\/\/sandaljapartments.com\/it\/#organization","name":"Sandalj Apartmens","url":"https:\/\/sandaljapartments.com\/it\/","logo":{"@type":"ImageObject","inLanguage":"it-IT","@id":"https:\/\/sandaljapartments.com\/it\/#\/schema\/logo\/image\/","url":"https:\/\/sandaljapartments.com\/wp-content\/uploads\/2026\/02\/sandalj.png","contentUrl":"https:\/\/sandaljapartments.com\/wp-content\/uploads\/2026\/02\/sandalj.png","width":252,"height":27,"caption":"Sandalj Apartmens"},"image":{"@id":"https:\/\/sandaljapartments.com\/it\/#\/schema\/logo\/image\/"}}]}},"_links":{"self":[{"href":"https:\/\/sandaljapartments.com\/it\/wp-json\/wp\/v2\/pages\/1694","targetHints":{"allow":["GET"]}}],"collection":[{"href":"https:\/\/sandaljapartments.com\/it\/wp-json\/wp\/v2\/pages"}],"about":[{"href":"https:\/\/sandaljapartments.com\/it\/wp-json\/wp\/v2\/types\/page"}],"author":[{"embeddable":true,"href":"https:\/\/sandaljapartments.com\/it\/wp-json\/wp\/v2\/users\/1"}],"replies":[{"embeddable":true,"href":"https:\/\/sandaljapartments.com\/it\/wp-json\/wp\/v2\/comments?post=1694"}],"version-history":[{"count":14,"href":"https:\/\/sandaljapartments.com\/it\/wp-json\/wp\/v2\/pages\/1694\/revisions"}],"predecessor-version":[{"id":2425,"href":"https:\/\/sandaljapartments.com\/it\/wp-json\/wp\/v2\/pages\/1694\/revisions\/2425"}],"wp:attachment":[{"href":"https:\/\/sandaljapartments.com\/it\/wp-json\/wp\/v2\/media?parent=1694"}],"curies":[{"name":"wp","href":"https:\/\/api.w.org\/{rel}","templated":true}]}}